{"id":6,"date":"2021-03-23T18:45:56","date_gmt":"2021-03-23T18:45:56","guid":{"rendered":"https:\/\/patrasdiscovery.gr\/?page_id=6"},"modified":"2026-03-12T20:49:05","modified_gmt":"2026-03-12T20:49:05","slug":"about","status":"publish","type":"page","link":"https:\/\/patrasdiscovery.gr\/?page_id=6","title":{"rendered":"Apie"},"content":{"rendered":"\n<blockquote class=\"wp-block-quote is-layout-flow wp-block-quote-is-layout-flow\">\n<p>\u201eJei i\u0161ardytum\u0117te Graikij\u0105, galiausiai likt\u0173 alyvmedis, vynmedis ir valtis\u201c, \u2013 sak\u0117 Nobelio premijos laureatas <strong>Odysseas Elytis<\/strong>.<\/p>\n\n\n\n<p>Kelioni\u0173 su mumis po Pelopones\u0105 ir Graikij\u0105 metu patys \u012fsitikinsite \u0161ia Graikijos sud\u0117timi. Kvie\u010diame Jus \u012f m\u016bs\u0173 organizuojamas keliones ir atostogas, kuriose gal\u0117site patirti tikr\u0105 graiki\u0161k\u0105 gyvenimo b\u016bd\u0105.<\/p>\n\n\n\n<p>Pa\u017eadame, kad susipa\u017einsite su graik\u0173 pasauliu, kuris slepia daugyb\u0119 paslap\u010di\u0173.<\/p>\n<\/blockquote>\n\n\n\n<h2 class=\"wp-block-heading\">Kas yra \u201ePatras Discovery\u201c?<\/h2>\n\n\n\n<figure class=\"wp-block-image size-full is-resized\"><img loading=\"lazy\" decoding=\"async\" width=\"900\" height=\"662\" src=\"https:\/\/patrasdiscovery.gr\/wp-content\/uploads\/2023\/02\/arrows-watercolor-art-print-joanna-szmerdt-e1677601034603.jpg\" alt=\"\" class=\"wp-image-504\" style=\"width:180px;height:132px\" srcset=\"https:\/\/patrasdiscovery.gr\/wp-content\/uploads\/2023\/02\/arrows-watercolor-art-print-joanna-szmerdt-e1677601034603.jpg 900w, https:\/\/patrasdiscovery.gr\/wp-content\/uploads\/2023\/02\/arrows-watercolor-art-print-joanna-szmerdt-e1677601034603-600x441.jpg 600w, https:\/\/patrasdiscovery.gr\/wp-content\/uploads\/2023\/02\/arrows-watercolor-art-print-joanna-szmerdt-e1677601034603-300x221.jpg 300w, https:\/\/patrasdiscovery.gr\/wp-content\/uploads\/2023\/02\/arrows-watercolor-art-print-joanna-szmerdt-e1677601034603-82x60.jpg 82w, https:\/\/patrasdiscovery.gr\/wp-content\/uploads\/2023\/02\/arrows-watercolor-art-print-joanna-szmerdt-e1677601034603-768x565.jpg 768w\" sizes=\"auto, (max-width: 900px) 100vw, 900px\" \/><\/figure>\n\n\n\n<ul class=\"wp-block-list\">\n<li>LICENCIJUOTAS GIDAS<\/li>\n\n\n\n<li>ATOSTOG\u0172 IR KELIONI\u0172 SIUVYKLA<\/li>\n\n\n\n<li>UNIKALIOS DIENOS EKSKURSIJOS<\/li>\n\n\n\n<li>VYNO TURIZMAS <\/li>\n\n\n\n<li>INFORMACIJOS KANALAS <\/li>\n<\/ul>\n\n\n\n<h2 class=\"wp-block-heading\">Kas yra \u201eAtostog\u0173 siuvykla\u201c? Kaip kuriamos individualios atostogos?<\/h2>\n\n\n\n<ul class=\"wp-block-list\">\n<li>Atostogas kuria a\u0161, vietin\u0117 gid\u0117, turizmo biurai, gastronomijos ir svetingumo specialistai bei regiono vyno daryklos.<\/li>\n\n\n\n<li><strong>Patrai<\/strong> \u2013 did\u017eiausias Peloponeso miestas. \u0160i vieta suteikia puikias galimybes organizuoti unikalias vienos dienos i\u0161vykas ar atostogas, nes tai yra savoti\u0161ka Senov\u0117s ir \u0160iuolaikinio Graikijos pasaulio kry\u017ekel\u0117. Regionas yra autenti\u0161kas ir labai graiki\u0161kas.<\/li>\n\n\n\n<li>Mes priartiname keliautojus prie tikrojo graiki\u0161ko gyvenimo b\u016bdo. Keliautojai susipa\u017e\u012fsta su graik\u0173 svetingumu, gastronomija, vynais, gamta ir istorija.<\/li>\n\n\n\n<li>S\u0117kmingai organizuojame keliones tiek individualiems keliautojams, tiek \u012fvairaus dyd\u017eio grup\u0117ms \u2013 tiek atostogoms, tiek vienos dienos i\u0161vykoms. Savo sve\u010dius pasitinkame jiems patogiame atvykimo ta\u0161ke arba j\u0173 vie\u0161bu\u010diuose.<\/li>\n\n\n\n<li>Mes kuriame atostogas pagal kiekvieno keliautojo poreikius.<\/li>\n<\/ul>\n\n\n\n<h2 class=\"wp-block-heading\">Veiklos<\/h2>\n\n\n\n<ul class=\"wp-block-list\">\n<li>Gido arba kelion\u0117s vadovo paslaugos.<\/li>\n\n\n\n<li>Vienos dienos i\u0161vykos Peloponese, Centrin\u0117je Graikijoje su pa\u0117mimu i\u0161 vie\u0161bu\u010di\u0173 40 km spinduliu aplink Patras.<\/li>\n\n\n\n<li>Privat\u016bs turai Peloponese, Centrin\u0117je Graikijoje, Jonijos salose ir Atikoje, su pa\u0117mimu Vakar\u0173 Graikijoje arba At\u0117nuose.<\/li>\n\n\n\n<li>Vyno turizmas ir vienos dienos vyno degustacijos kelion\u0117s.<\/li>\n\n\n\n<li>I\u0161vykos laivu Korinto ir Saronik\u0173 \u012flankose.<\/li>\n\n\n\n<li>Individualiai sudarytos atostogos Peloponese ir Centrin\u0117je Graikijoje pavieniams keliautojams, \u0161eimoms ir grup\u0117ms.<\/li>\n\n\n\n<li>Ko\u0161erin\u0117s atostogos Peloponese ir Centrin\u0117je Graikijoje.<\/li>\n\n\n\n<li>Prabangios individualiai sudarytos atostogos.<\/li>\n\n\n\n<li>Kelioni\u0173 mar\u0161rut\u0173 sudarymas.<\/li>\n\n\n\n<li>Perve\u017eimo paslaugos.<\/li>\n\n\n\n<li>Automobili\u0173 nuoma.<\/li>\n<\/ul>\n\n\n\n<div class=\"wp-block-buttons is-content-justification-right is-layout-flex wp-container-core-buttons-is-layout-765c4724 wp-block-buttons-is-layout-flex\"><\/div>\n\n\n\n<p><\/p>\n\n\n<div class=\"wp-block-image\">\n<figure class=\"alignleft size-large is-resized\"><img loading=\"lazy\" decoding=\"async\" width=\"724\" height=\"1024\" src=\"https:\/\/patrasdiscovery.gr\/wp-content\/uploads\/2023\/02\/Peloponnese-1-1-724x1024.jpg\" alt=\"\" class=\"wp-image-637\" style=\"width:252px;height:357px\" srcset=\"https:\/\/patrasdiscovery.gr\/wp-content\/uploads\/2023\/02\/Peloponnese-1-1-724x1024.jpg 724w, https:\/\/patrasdiscovery.gr\/wp-content\/uploads\/2023\/02\/Peloponnese-1-1-212x300.jpg 212w, https:\/\/patrasdiscovery.gr\/wp-content\/uploads\/2023\/02\/Peloponnese-1-1-768x1086.jpg 768w, https:\/\/patrasdiscovery.gr\/wp-content\/uploads\/2023\/02\/Peloponnese-1-1-1086x1536.jpg 1086w, https:\/\/patrasdiscovery.gr\/wp-content\/uploads\/2023\/02\/Peloponnese-1-1-1448x2048.jpg 1448w, https:\/\/patrasdiscovery.gr\/wp-content\/uploads\/2023\/02\/Peloponnese-1-1-42x60.jpg 42w, https:\/\/patrasdiscovery.gr\/wp-content\/uploads\/2023\/02\/Peloponnese-1-1-600x849.jpg 600w, https:\/\/patrasdiscovery.gr\/wp-content\/uploads\/2023\/02\/Peloponnese-1-1-scaled.jpg 1810w\" sizes=\"auto, (max-width: 724px) 100vw, 724px\" \/><\/figure>\n<\/div>\n\n<div class=\"wp-block-image\">\n<figure class=\"alignleft size-large is-resized\"><img loading=\"lazy\" decoding=\"async\" width=\"724\" height=\"1024\" src=\"https:\/\/patrasdiscovery.gr\/wp-content\/uploads\/2023\/02\/Nafplio-tour--724x1024.jpg\" alt=\"\" class=\"wp-image-393\" style=\"width:253px;height:358px\" srcset=\"https:\/\/patrasdiscovery.gr\/wp-content\/uploads\/2023\/02\/Nafplio-tour--724x1024.jpg 724w, https:\/\/patrasdiscovery.gr\/wp-content\/uploads\/2023\/02\/Nafplio-tour--scaled-600x849.jpg 600w, https:\/\/patrasdiscovery.gr\/wp-content\/uploads\/2023\/02\/Nafplio-tour--212x300.jpg 212w, https:\/\/patrasdiscovery.gr\/wp-content\/uploads\/2023\/02\/Nafplio-tour--768x1086.jpg 768w, https:\/\/patrasdiscovery.gr\/wp-content\/uploads\/2023\/02\/Nafplio-tour--1086x1536.jpg 1086w, https:\/\/patrasdiscovery.gr\/wp-content\/uploads\/2023\/02\/Nafplio-tour--1448x2048.jpg 1448w, https:\/\/patrasdiscovery.gr\/wp-content\/uploads\/2023\/02\/Nafplio-tour--42x60.jpg 42w, https:\/\/patrasdiscovery.gr\/wp-content\/uploads\/2023\/02\/Nafplio-tour--scaled.jpg 1810w\" sizes=\"auto, (max-width: 724px) 100vw, 724px\" \/><\/figure>\n<\/div>\n\n<div class=\"wp-block-image\">\n<figure class=\"alignleft size-large is-resized\"><img loading=\"lazy\" decoding=\"async\" width=\"724\" height=\"1024\" src=\"https:\/\/patrasdiscovery.gr\/wp-content\/uploads\/2023\/02\/Nafpaktos--724x1024.jpg\" alt=\"\" class=\"wp-image-370\" style=\"width:256px;height:362px\" srcset=\"https:\/\/patrasdiscovery.gr\/wp-content\/uploads\/2023\/02\/Nafpaktos--724x1024.jpg 724w, https:\/\/patrasdiscovery.gr\/wp-content\/uploads\/2023\/02\/Nafpaktos--scaled-600x849.jpg 600w, https:\/\/patrasdiscovery.gr\/wp-content\/uploads\/2023\/02\/Nafpaktos--212x300.jpg 212w, https:\/\/patrasdiscovery.gr\/wp-content\/uploads\/2023\/02\/Nafpaktos--768x1086.jpg 768w, https:\/\/patrasdiscovery.gr\/wp-content\/uploads\/2023\/02\/Nafpaktos--1086x1536.jpg 1086w, https:\/\/patrasdiscovery.gr\/wp-content\/uploads\/2023\/02\/Nafpaktos--1448x2048.jpg 1448w, https:\/\/patrasdiscovery.gr\/wp-content\/uploads\/2023\/02\/Nafpaktos--42x60.jpg 42w, https:\/\/patrasdiscovery.gr\/wp-content\/uploads\/2023\/02\/Nafpaktos--scaled.jpg 1810w\" sizes=\"auto, (max-width: 724px) 100vw, 724px\" \/><\/figure>\n<\/div>\n\n<div class=\"wp-block-image\">\n<figure class=\"alignleft size-large is-resized\"><img loading=\"lazy\" decoding=\"async\" width=\"724\" height=\"1024\" src=\"https:\/\/patrasdiscovery.gr\/wp-content\/uploads\/2023\/02\/Patras-tour-poster-724x1024.jpg\" alt=\"\" class=\"wp-image-392\" style=\"width:255px;height:359px\" srcset=\"https:\/\/patrasdiscovery.gr\/wp-content\/uploads\/2023\/02\/Patras-tour-poster-724x1024.jpg 724w, https:\/\/patrasdiscovery.gr\/wp-content\/uploads\/2023\/02\/Patras-tour-poster-scaled-600x849.jpg 600w, https:\/\/patrasdiscovery.gr\/wp-content\/uploads\/2023\/02\/Patras-tour-poster-212x300.jpg 212w, https:\/\/patrasdiscovery.gr\/wp-content\/uploads\/2023\/02\/Patras-tour-poster-768x1086.jpg 768w, https:\/\/patrasdiscovery.gr\/wp-content\/uploads\/2023\/02\/Patras-tour-poster-1086x1536.jpg 1086w, https:\/\/patrasdiscovery.gr\/wp-content\/uploads\/2023\/02\/Patras-tour-poster-1448x2048.jpg 1448w, https:\/\/patrasdiscovery.gr\/wp-content\/uploads\/2023\/02\/Patras-tour-poster-42x60.jpg 42w, https:\/\/patrasdiscovery.gr\/wp-content\/uploads\/2023\/02\/Patras-tour-poster-scaled.jpg 1810w\" sizes=\"auto, (max-width: 724px) 100vw, 724px\" \/><\/figure>\n<\/div>\n\n\n<figure class=\"wp-block-image size-large is-resized\"><img loading=\"lazy\" decoding=\"async\" width=\"724\" height=\"1024\" src=\"https:\/\/patrasdiscovery.gr\/wp-content\/uploads\/2023\/02\/Authentic-Greece-724x1024.jpg\" alt=\"\" class=\"wp-image-369\" style=\"width:253px;height:358px\" srcset=\"https:\/\/patrasdiscovery.gr\/wp-content\/uploads\/2023\/02\/Authentic-Greece-724x1024.jpg 724w, https:\/\/patrasdiscovery.gr\/wp-content\/uploads\/2023\/02\/Authentic-Greece-scaled-600x849.jpg 600w, https:\/\/patrasdiscovery.gr\/wp-content\/uploads\/2023\/02\/Authentic-Greece-212x300.jpg 212w, https:\/\/patrasdiscovery.gr\/wp-content\/uploads\/2023\/02\/Authentic-Greece-768x1086.jpg 768w, https:\/\/patrasdiscovery.gr\/wp-content\/uploads\/2023\/02\/Authentic-Greece-1086x1536.jpg 1086w, https:\/\/patrasdiscovery.gr\/wp-content\/uploads\/2023\/02\/Authentic-Greece-1448x2048.jpg 1448w, https:\/\/patrasdiscovery.gr\/wp-content\/uploads\/2023\/02\/Authentic-Greece-42x60.jpg 42w, https:\/\/patrasdiscovery.gr\/wp-content\/uploads\/2023\/02\/Authentic-Greece-scaled.jpg 1810w\" sizes=\"auto, (max-width: 724px) 100vw, 724px\" \/><\/figure>\n\n\n\n<p><\/p>\n","protected":false},"excerpt":{"rendered":"<p>\u201cIf you take Greece apart, in the end, you will remain with an olive tree, a vineyard and a boat.\u201d Nobel laureate Odysseas Elytis said. <\/p>\n<p>You will be sure about this composition of Greece after travelling with us in the Peloponnese and Western Greece. You are welcome to our tours and holidays of Greek life experience. <\/p>\n","protected":false},"author":1,"featured_media":564,"parent":0,"menu_order":0,"comment_status":"closed","ping_status":"closed","template":"","meta":{"footnotes":""},"class_list":["post-6","page","type-page","status-publish","has-post-thumbnail","hentry"],"_links":{"self":[{"href":"https:\/\/patrasdiscovery.gr\/index.php?rest_route=\/wp\/v2\/pages\/6","targetHints":{"allow":["GET"]}}],"collection":[{"href":"https:\/\/patrasdiscovery.gr\/index.php?rest_route=\/wp\/v2\/pages"}],"about":[{"href":"https:\/\/patrasdiscovery.gr\/index.php?rest_route=\/wp\/v2\/types\/page"}],"author":[{"embeddable":true,"href":"https:\/\/patrasdiscovery.gr\/index.php?rest_route=\/wp\/v2\/users\/1"}],"replies":[{"embeddable":true,"href":"https:\/\/patrasdiscovery.gr\/index.php?rest_route=%2Fwp%2Fv2%2Fcomments&post=6"}],"version-history":[{"count":34,"href":"https:\/\/patrasdiscovery.gr\/index.php?rest_route=\/wp\/v2\/pages\/6\/revisions"}],"predecessor-version":[{"id":1173,"href":"https:\/\/patrasdiscovery.gr\/index.php?rest_route=\/wp\/v2\/pages\/6\/revisions\/1173"}],"wp:featuredmedia":[{"embeddable":true,"href":"https:\/\/patrasdiscovery.gr\/index.php?rest_route=\/wp\/v2\/media\/564"}],"wp:attachment":[{"href":"https:\/\/patrasdiscovery.gr\/index.php?rest_route=%2Fwp%2Fv2%2Fmedia&parent=6"}],"curies":[{"name":"wp","href":"https:\/\/api.w.org\/{rel}","templated":true}]}}