{"id":7,"date":"2021-03-23T18:45:56","date_gmt":"2021-03-23T18:45:56","guid":{"rendered":"https:\/\/patrasdiscovery.gr\/?page_id=7"},"modified":"2026-03-12T21:06:31","modified_gmt":"2026-03-12T21:06:31","slug":"contact","status":"publish","type":"page","link":"https:\/\/patrasdiscovery.gr\/?page_id=7","title":{"rendered":"Kontaktai"},"content":{"rendered":"\n<div class=\"contact-person-box\"><div style=\"background-color:#ffffff;border:solid;border-color:#000000;border-radius:0;border-width:1px\"><header><\/header><div class=\"ce-textpic ce-center ce-above\"><div class=\"ce-gallery\"><div class=\"ce-outer\"><div class=\"ce-inner\"><div class=\"ce-row\"><div class=\"ce-column\"><img loading=\"lazy\" decoding=\"async\" style=\"border-radius:0px\" src=\"https:\/\/patrasdiscovery.gr\/wp-content\/uploads\/2023\/02\/IMG_0144-scaled.jpg\" alt=\"\" width=\"200\" height=\"200\"\/><\/div><\/div><\/div><\/div><\/div><div class=\"ce-bodytext\"><h4 class=\"title\">Gid\u0117 &amp; Kelioni\u0173 siuv\u0117ja <\/h4><p class=\"subtitle\"><\/p><p class=\"description\">Skambinite, ra\u0161ykite ir u\u017eduokite klausimus. Jums galiu atsakyti lietuvi\u0173, angl\u0173, rus\u0173 ir graik\u0173 kalbomis. <\/p><a href=\"mailto:info@patrasdiscovery.gr\" class=\"av-icon-char\" target=\"_blank\" rel=\"noopener noreferrer\"><i style=\"display:block\" class=\"fa fa-envelope\"><\/i>info@patrasdiscovery.gr<\/a><p class=\"av-icon-char\"><i style=\"display:block\" class=\"fa fa-phone\"><\/i>+306981040441; Mob.\/Viber\/WhatsApp: +37069884554<\/p><div class=\"social-icons\"><\/div><\/div><\/div><\/div><\/div>\n\n\n\n<p>SEKITE MANE SOCIALIN\u0116JE MEDIJOJE<\/p>\n\n\n\n<ul class=\"wp-block-social-links aligncenter has-large-icon-size has-icon-color has-icon-background-color is-content-justification-left is-layout-flex wp-container-core-social-links-is-layout-fdcfc74e wp-block-social-links-is-layout-flex\"><li style=\"color:#ffffff;background-color:#3962e3;\" class=\"wp-social-link wp-social-link-facebook  wp-block-social-link\"><a href=\"https:\/\/www.facebook.com\/patrasdiscovery\" class=\"wp-block-social-link-anchor\"><svg width=\"24\" height=\"24\" viewBox=\"0 0 24 24\" version=\"1.1\" xmlns=\"http:\/\/www.w3.org\/2000\/svg\" aria-hidden=\"true\" focusable=\"false\"><path d=\"M12 2C6.5 2 2 6.5 2 12c0 5 3.7 9.1 8.4 9.9v-7H7.9V12h2.5V9.8c0-2.5 1.5-3.9 3.8-3.9 1.1 0 2.2.2 2.2.2v2.5h-1.3c-1.2 0-1.6.8-1.6 1.6V12h2.8l-.4 2.9h-2.3v7C18.3 21.1 22 17 22 12c0-5.5-4.5-10-10-10z\"><\/path><\/svg><span class=\"wp-block-social-link-label screen-reader-text\">Facebook<\/span><\/a><\/li>\n\n<li style=\"color:#ffffff;background-color:#3962e3;\" class=\"wp-social-link wp-social-link-instagram  wp-block-social-link\"><a href=\"https:\/\/www.instagram.com\/laurakaikarytemoysidou\/\" class=\"wp-block-social-link-anchor\"><svg width=\"24\" height=\"24\" viewBox=\"0 0 24 24\" version=\"1.1\" xmlns=\"http:\/\/www.w3.org\/2000\/svg\" aria-hidden=\"true\" focusable=\"false\"><path d=\"M12,4.622c2.403,0,2.688,0.009,3.637,0.052c0.877,0.04,1.354,0.187,1.671,0.31c0.42,0.163,0.72,0.358,1.035,0.673 c0.315,0.315,0.51,0.615,0.673,1.035c0.123,0.317,0.27,0.794,0.31,1.671c0.043,0.949,0.052,1.234,0.052,3.637 s-0.009,2.688-0.052,3.637c-0.04,0.877-0.187,1.354-0.31,1.671c-0.163,0.42-0.358,0.72-0.673,1.035 c-0.315,0.315-0.615,0.51-1.035,0.673c-0.317,0.123-0.794,0.27-1.671,0.31c-0.949,0.043-1.233,0.052-3.637,0.052 s-2.688-0.009-3.637-0.052c-0.877-0.04-1.354-0.187-1.671-0.31c-0.42-0.163-0.72-0.358-1.035-0.673 c-0.315-0.315-0.51-0.615-0.673-1.035c-0.123-0.317-0.27-0.794-0.31-1.671C4.631,14.688,4.622,14.403,4.622,12 s0.009-2.688,0.052-3.637c0.04-0.877,0.187-1.354,0.31-1.671c0.163-0.42,0.358-0.72,0.673-1.035 c0.315-0.315,0.615-0.51,1.035-0.673c0.317-0.123,0.794-0.27,1.671-0.31C9.312,4.631,9.597,4.622,12,4.622 M12,3 C9.556,3,9.249,3.01,8.289,3.054C7.331,3.098,6.677,3.25,6.105,3.472C5.513,3.702,5.011,4.01,4.511,4.511 c-0.5,0.5-0.808,1.002-1.038,1.594C3.25,6.677,3.098,7.331,3.054,8.289C3.01,9.249,3,9.556,3,12c0,2.444,0.01,2.751,0.054,3.711 c0.044,0.958,0.196,1.612,0.418,2.185c0.23,0.592,0.538,1.094,1.038,1.594c0.5,0.5,1.002,0.808,1.594,1.038 c0.572,0.222,1.227,0.375,2.185,0.418C9.249,20.99,9.556,21,12,21s2.751-0.01,3.711-0.054c0.958-0.044,1.612-0.196,2.185-0.418 c0.592-0.23,1.094-0.538,1.594-1.038c0.5-0.5,0.808-1.002,1.038-1.594c0.222-0.572,0.375-1.227,0.418-2.185 C20.99,14.751,21,14.444,21,12s-0.01-2.751-0.054-3.711c-0.044-0.958-0.196-1.612-0.418-2.185c-0.23-0.592-0.538-1.094-1.038-1.594 c-0.5-0.5-1.002-0.808-1.594-1.038c-0.572-0.222-1.227-0.375-2.185-0.418C14.751,3.01,14.444,3,12,3L12,3z M12,7.378 c-2.552,0-4.622,2.069-4.622,4.622S9.448,16.622,12,16.622s4.622-2.069,4.622-4.622S14.552,7.378,12,7.378z M12,15 c-1.657,0-3-1.343-3-3s1.343-3,3-3s3,1.343,3,3S13.657,15,12,15z M16.804,6.116c-0.596,0-1.08,0.484-1.08,1.08 s0.484,1.08,1.08,1.08c0.596,0,1.08-0.484,1.08-1.08S17.401,6.116,16.804,6.116z\"><\/path><\/svg><span class=\"wp-block-social-link-label screen-reader-text\">Instagram<\/span><\/a><\/li><\/ul>\n\n\n\n<p class=\"has-text-align-center has-large-font-size\">Kaip rezervuoti:<\/p>\n\n\n\n<div class=\"wp-block-columns is-layout-flex wp-container-core-columns-is-layout-9d6595d7 wp-block-columns-is-layout-flex\">\n<div class=\"wp-block-column is-layout-flow wp-block-column-is-layout-flow\">\n<p><strong>JUMS PASI\u016aTAS ATOSTOGAS. <\/strong><\/p>\n\n\n\n<p>Graikija yra pilna istorijos, nuostabios gamtos, gardaus maisto, saul\u0117s ir kaln\u0173.<\/p>\n\n\n\n<p>Sudarykite trump\u0105 s\u0105ra\u0161\u0105, kiek ir ko nor\u0117tum\u0117te savo atostogose. Galite pasirinkti jau i\u0161 paruo\u0161t\u0173 kelioni\u0173 program\u0173 <a href=\"https:\/\/patrasdiscovery.gr\/?cat=17\">\u010dia<\/a>. <\/p>\n\n\n\n<p><strong>Pasirinkite ir susisiekite su manimi.<\/strong><\/p>\n<\/div>\n\n\n\n<div class=\"wp-block-column is-layout-flow wp-block-column-is-layout-flow\">\n<p><strong>DIENOS I\u0160VYKAS &#8211; EKSKURSIJAS.<\/strong><\/p>\n\n\n\n<p>Susisiekite kuo anks\u010diau, nes da\u017enai dar neprasid\u0117jus sezonui b\u016bnu rezervuota daugiau nei pusei dat\u0173. Pasirinkite i\u0161 si\u016blom\u0173 ekskursij\u0173 <a href=\"https:\/\/patrasdiscovery.gr\/?cat=16\">\u010dia<\/a>.<\/p>\n\n\n\n<div class=\"wp-block-group is-vertical is-layout-flex wp-container-core-group-is-layout-8cf370e7 wp-block-group-is-layout-flex\">\n<p><strong>Atsi\u0173skite:<\/strong><\/p>\n\n\n\n<p>-><strong>Dat\u0105 ir ekskursijos pavadinim\u0105.<\/strong><\/p>\n\n\n\n<p>-><strong>Keleivi\u0173 skai\u010di\u0173. <\/strong><\/p>\n\n\n\n<p><strong>->Pa\u0117mimo ar susitikimo viet\u0105. <\/strong><\/p>\n\n\n\n<p><strong>->Vard\u0105, pavard\u0119 ir kontaktin\u012f telefono numer\u012f.\u00a0<\/strong><\/p>\n\n\n\n<p>A\u0161 su Jumis susisieksiu ir prane\u0161iu apie galimybes. <\/p>\n<\/div>\n<\/div>\n\n\n\n<div class=\"wp-block-column is-layout-flow wp-block-column-is-layout-flow\">\n<p><strong>INDIVIDUALIAS KELIONES. <\/strong><\/p>\n\n\n\n<p>Galima sukonstruoti i\u0161skirtin\u0119 kelion\u0119 tik Jums. <\/p>\n\n\n\n<div class=\"wp-block-group is-vertical is-layout-flex wp-container-core-group-is-layout-8cf370e7 wp-block-group-is-layout-flex\">\n<p><strong>Susisiekite kaip galima anks\u010diau ir atsi\u0173skite: <\/strong><\/p>\n\n\n\n<p>->Dat\u0105, prog\u0105 ir J\u016bs\u0173 pageidavimus. <\/p>\n\n\n\n<p>-><strong>Keleivi\u0173 skai\u010di\u0173 ir am\u017ei\u0173. <\/strong><\/p>\n\n\n\n<p>-><strong><strong>Pa\u0117mimo ar susitikimo viet\u0105. <\/strong><\/strong><\/p>\n\n\n\n<p>-><strong><strong>Vard\u0105, pavard\u0119 ir kontaktin\u012f telefono numer\u012f.\u00a0<\/strong><\/strong><\/p>\n<\/div>\n\n\n\n<p><\/p>\n<\/div>\n<\/div>\n\n\n\n<div class=\"wp-block-columns is-layout-flex wp-container-core-columns-is-layout-9d6595d7 wp-block-columns-is-layout-flex\">\n<div class=\"wp-block-column is-layout-flow wp-block-column-is-layout-flow\">\n<p><\/p>\n<\/div>\n<\/div>\n\n\n\n<p><\/p>\n\n\n\n<p><\/p>\n","protected":false},"excerpt":{"rendered":"<p>SEKITE MANE SOCIALIN\u0116JE MEDIJOJE Kaip rezervuoti: JUMS PASI\u016aTAS ATOSTOGAS. Graikija yra pilna istorijos, nuostabios gamtos, gardaus maisto, saul\u0117s ir kaln\u0173. Sudarykite trump\u0105 s\u0105ra\u0161\u0105, kiek ir ko nor\u0117tum\u0117te savo atostogose. Galite pasirinkti jau i\u0161 paruo\u0161t\u0173 kelioni\u0173 program\u0173 \u010dia. Pasirinkite ir susisiekite su manimi. DIENOS I\u0160VYKAS &#8211; EKSKURSIJAS. Susisiekite kuo anks\u010diau, nes &hellip; <\/p>\n","protected":false},"author":1,"featured_media":661,"parent":0,"menu_order":0,"comment_status":"closed","ping_status":"closed","template":"","meta":{"footnotes":""},"class_list":["post-7","page","type-page","status-publish","has-post-thumbnail","hentry"],"_links":{"self":[{"href":"https:\/\/patrasdiscovery.gr\/index.php?rest_route=\/wp\/v2\/pages\/7","targetHints":{"allow":["GET"]}}],"collection":[{"href":"https:\/\/patrasdiscovery.gr\/index.php?rest_route=\/wp\/v2\/pages"}],"about":[{"href":"https:\/\/patrasdiscovery.gr\/index.php?rest_route=\/wp\/v2\/types\/page"}],"author":[{"embeddable":true,"href":"https:\/\/patrasdiscovery.gr\/index.php?rest_route=\/wp\/v2\/users\/1"}],"replies":[{"embeddable":true,"href":"https:\/\/patrasdiscovery.gr\/index.php?rest_route=%2Fwp%2Fv2%2Fcomments&post=7"}],"version-history":[{"count":18,"href":"https:\/\/patrasdiscovery.gr\/index.php?rest_route=\/wp\/v2\/pages\/7\/revisions"}],"predecessor-version":[{"id":1181,"href":"https:\/\/patrasdiscovery.gr\/index.php?rest_route=\/wp\/v2\/pages\/7\/revisions\/1181"}],"wp:featuredmedia":[{"embeddable":true,"href":"https:\/\/patrasdiscovery.gr\/index.php?rest_route=\/wp\/v2\/media\/661"}],"wp:attachment":[{"href":"https:\/\/patrasdiscovery.gr\/index.php?rest_route=%2Fwp%2Fv2%2Fmedia&parent=7"}],"curies":[{"name":"wp","href":"https:\/\/api.w.org\/{rel}","templated":true}]}}